{"id":192,"date":"2021-04-30T10:57:01","date_gmt":"2021-04-30T10:57:01","guid":{"rendered":"https:\/\/primoplesk.uniroma3.it\/?page_id=192"},"modified":"2023-10-21T14:22:57","modified_gmt":"2023-10-21T14:22:57","slug":"livello-2-seconda-pagina","status":"publish","type":"page","link":"https:\/\/pcsf.uniroma3.it\/?page_id=192","title":{"rendered":"Il centro"},"content":{"rendered":"\n<p>Il Centro interuniversitario di ricerca &#8220;Pragmatismo, Costruzione dei Saperi e Formazione&#8221; (PCSF), istituito tra il Dipartimento di Filosofia, Comunicazione e Spettacolo dell&#8217;Universit\u00e0 degli Studi di Roma Tre, il Dipartimento di Filosofia dell&#8217;Universit\u00e0 degli Studi di Milano, il\u00a0Dipartimento di Studi Umanistici dell&#8217;Universit\u00e0 di Napoli &#8220;Federico II&#8221;, il Dipartimento di Scienze Umanistiche, Sociali e della Formazione dell&#8217;Universit\u00e0 degli Studi del Molise, il Dipartimento di Pedagogia, Psicologia, Filosofia dell&#8217;Universit\u00e0 degli Studi di Cagliari e il Dipartimento di Filosofia, Scienze sociali, umane e della formazione dell&#8217;Universit\u00e0 degli Studi di Perugia, si propone di collegare alcuni poli universitari in cui da tempo esistono competenze e attivit\u00e0 scientifiche o didattiche relative ai diversi versanti del pensiero pragmatista: teoretico, storiografico, etico, pedagogico, semiotico, linguistico.\u00a0<\/p>\n\n\n\n<p>Lo scopo \u00e8 quello di organizzare competenze e attivit\u00e0 in un\u2019unica struttura e secondo un preciso programma interdisciplinare, prevedendo l\u2019eventuale successiva adesione di istituzioni sociali, scolastiche e formative anche a livello professionale, le quali potranno incrementare l\u2019analisi e l\u2019applicazione concreta delle potenzialit\u00e0 culturali espresse dalla filosofia di ispirazione pragmatista.&nbsp;<\/p>\n\n\n\n<p>Il pragmatismo, infatti, \u00e8 principalmente un metodo di ricerca e di ragionamento che tende a mettere in luce le questioni relative alla costruzione delle credenze e, pi\u00f9 in generale, dei diversi saperi, ponendo una stretta correlazione tra teoria e pratica ovvero oltrepassando l\u2019accezione dicotomica di questa coppia concettuale cos\u00ec come delle molte altre che ne conseguono, quali fatto\/valore, corpo\/mente, scienze della natura\/scienze dello spirito, metodo\/interpretazione. Negli ultimi decenni si \u00e8 assistito ad una ripresa di questo movimento filosofico che ha contribuito a rafforzare la tendenza contemporanea a focalizzare l\u2019attenzione sulla pluralit\u00e0 dei fattori costitutivi dell\u2019esercizio dell\u2019intelligenza umana nonch\u00e9 a sviluppare un tipo di ricerca sui fenomeni umani improntato allo stile sperimentale e fenomenologico, un tipo di ricerca al quale le attivit\u00e0 del Centro si prefiggono appunto di apportare ulteriori contributi. Si intente cos\u00ec rinnovare la tradizione degli studi italiani sul pragmatismo che si sono significativamente sviluppati fin dagli anni Sessanta del secolo scorso nelle Universit\u00e0 di Torino, Milano, Bologna, Firenze, Roma, in cui continuit\u00e0 a contrasto con le interazioni del primo Novecento tra la cultura del nostro paese e il pensiero dei filosofi statunitensi che diedero inizio al movimento pragmatista.&nbsp;<br>A tale fine il Centro si propone di svolgere attivit\u00e0 di ricerca, di divulgazione e di servizio culturale secondo i seguenti criteri:&nbsp;<\/p>\n\n\n\n<p>&#8211;&nbsp;Contribuire al consolidamento, allo sviluppo e al raccordo della ricerca scientifica interdisciplinare (teoretica, pedagogica, storiografica, semiotico-linguistica) sui testi classici e contemporanei della filosofia pragmatista, attraverso pubblicazioni cartacee e digitalizzazione di testi classici della filosofia pragmatista.&nbsp;<\/p>\n\n\n\n<p>&#8211;&nbsp;favorire le interpretazioni innovative del nesso teoretico-etico-pedagogico dei concetti caratterizzanti del pragmatismo, quali le nozioni di socialit\u00e0, individualit\u00e0, pluralismo, in vista di un incremento della ricerca sui problemi relativi alla comunicazione interpersonale e interculturale;<\/p>\n\n\n\n<p>&#8211;&nbsp;sviluppare lo studio del rapporto tra filosofia, psicologia, pedagogia&nbsp; nonch\u00e9 promuovere la riflessione sociale e politica sulla dimensione culturale della scienza;&nbsp;<\/p>\n\n\n\n<p>&#8211;&nbsp;sviluppare lo studio del rapporto tra filosofia, psicologia, pedagogia, nonch\u00e9 promuovere la riflessione sociale e politica sulla dimensione culturale della scienza;&nbsp;<br>&#8211;&nbsp;dare visibilit\u00e0 ai risultati della ricerca nazionali mediante seminari, conferenze e convegni che possano raccogliere le esigenze operative provenienti dai vari settori socio-culturali;&nbsp;<\/p>\n\n\n\n<p>&#8211;&nbsp;favorire la divulgazione dei risultati delle ricerche svolte nell\u2019ambito dell\u2019attivit\u00e0 del Centro, giovandosi degli strumenti gi\u00e0 a disposizione dei docenti afferenti nonch\u00e9 della creazione di ulteriori supporti quali reti informatiche, tecnologie, Archivi digitali di comunicazione;&nbsp;<\/p>\n\n\n\n<p>&#8211;&nbsp;partecipare a progetti di ricerca europei e nazionali relativi alle intenzioni del Centro.&nbsp;<\/p>\n\n\n\n<p>&#8211;&nbsp;favorire la formazione di giovani ricercatori e di operatori culturali, mediante l\u2019istituzione di assegni di ricerca e borse di dottorato;&nbsp;<\/p>\n\n\n\n<p>&#8211;&nbsp;organizzare corsi di formazione per insegnanti e operatori culturali tenuti da specialisti italiani e stranieri;&nbsp;<\/p>\n\n\n\n<p>&#8211;&nbsp;pubblicazione di monografie, di miscellanee e di un dizionario dei termini e temi relativi all\u2019attivit\u00e0 di ricerca del Centro.&nbsp;<br>In particolare il Centro si pone come obiettivo l\u2019affinamento delle metodologie e dei parametri teorici utili alla analisi critica delle pratiche di formazione, comunicazione e giustificazione delle credenze sia scientifico-teoretiche sia etiche-valoriali, e l\u2019ampliamento dei contatti e delle collaborazioni tra enti pubblici e privati, nonch\u00e9 delle attivit\u00e0 di servizio da svolgere sia sul versante pubblico sia su quello privato.<br>Il Centro \u00e8 aperto all\u2019adesione di professori, ricercatori, assegnisti e dottorandi.<\/p>\n","protected":false},"excerpt":{"rendered":"<p>Il Centro interuniversitario di ricerca &#8220;Pragmatismo, Costruzione dei Saperi e Formazione&#8221; (PCSF), istituito tra il Dipartimento di Filosofia, Comunicazione e Spettacolo dell&#8217;Universit\u00e0 degli Studi di &#8230; <\/p>\n","protected":false},"author":1,"featured_media":0,"parent":0,"menu_order":0,"comment_status":"closed","ping_status":"closed","template":"","meta":{"footnotes":""},"class_list":["post-192","page","type-page","status-publish","hentry"],"_links":{"self":[{"href":"https:\/\/pcsf.uniroma3.it\/index.php?rest_route=\/wp\/v2\/pages\/192","targetHints":{"allow":["GET"]}}],"collection":[{"href":"https:\/\/pcsf.uniroma3.it\/index.php?rest_route=\/wp\/v2\/pages"}],"about":[{"href":"https:\/\/pcsf.uniroma3.it\/index.php?rest_route=\/wp\/v2\/types\/page"}],"author":[{"embeddable":true,"href":"https:\/\/pcsf.uniroma3.it\/index.php?rest_route=\/wp\/v2\/users\/1"}],"replies":[{"embeddable":true,"href":"https:\/\/pcsf.uniroma3.it\/index.php?rest_route=%2Fwp%2Fv2%2Fcomments&post=192"}],"version-history":[{"count":4,"href":"https:\/\/pcsf.uniroma3.it\/index.php?rest_route=\/wp\/v2\/pages\/192\/revisions"}],"predecessor-version":[{"id":524,"href":"https:\/\/pcsf.uniroma3.it\/index.php?rest_route=\/wp\/v2\/pages\/192\/revisions\/524"}],"wp:attachment":[{"href":"https:\/\/pcsf.uniroma3.it\/index.php?rest_route=%2Fwp%2Fv2%2Fmedia&parent=192"}],"curies":[{"name":"wp","href":"https:\/\/api.w.org\/{rel}","templated":true}]}}