{"id":481,"date":"2023-10-06T13:29:10","date_gmt":"2023-10-06T13:29:10","guid":{"rendered":"https:\/\/pcsf.uniroma3.it\/?page_id=481"},"modified":"2023-10-08T14:19:05","modified_gmt":"2023-10-08T14:19:05","slug":"news","status":"publish","type":"page","link":"https:\/\/pcsf.uniroma3.it\/?page_id=481","title":{"rendered":"News"},"content":{"rendered":"\n<h2 class=\"wp-block-heading\">Firmato accordo tra Il PCSF e l&#8217;Universit\u00e0 del Molise <\/h2>\n\n\n\n<p>A dicembre 2022 \u00e8 stato firmato un accordo tra il Dipartimento FilCoSpe di Roma Tre, presso il quale ha sede amministrativa il Centro di Ricerca PCSF e l&#8217;Universit\u00e0 degli Studi del Molise per la costituzione di un\u2019unit\u00e0 dedicata ai fabbisogni del progetto che vede UNIMOL Soggetto Attuatore dell\u2019intervento \u201c<em>Progetto di Comunicazione della Valorizzazione dei Beni Culturali Molisani. L\u2019applicazione per Mobile MyExperience Molise<\/em>\u201d. Attraverso questo accordo il PCSF si propone di promuovere attivit\u00e0 di ricerca e applicative da realizzare in collaborazione e a supporto delle attivit\u00e0 progettuali dell\u2019intervento \u201c<em>Progetto di Comunicazione della Valorizzazione dei Beni Culturali Molisani. L\u2019applicazione per Mobile MyExperience Molise<\/em>\u201d di cui l\u2019Universit\u00e0 del Molise \u00e8 Soggetto Attuatore. Le attivit\u00e0 riguardano in particolare:<\/p>\n\n\n\n<ul class=\"wp-block-list\">\n<li>approfondimenti di ricerca sul rapporto filosofia pragmatista, comunicazione, sociologia della comunicazione, della disabilit\u00e0 e dei processi culturali;<\/li>\n\n\n\n<li>confronto teorico-pratico sulla comunicazione dei beni culturali in diverse esperienze museali a livello mondiale e studio delle differenze con il modello proposto a partire da MY Experience Molise.corsi di formazione specifici sulla proposta filosofico-sociologico-tecnologica elaborata in MyExperience Molise;<\/li>\n\n\n\n<li>supporto scientifico all\u2019UniMol nell\u2019analisi finalizzata alla individuazione di case editrici adeguate per la pubblicazione di testi relativi alla teoria e alla pratica della valorizzazione dei beni culturali;<\/li>\n\n\n\n<li>supporto alla pubblicazione dei suddetti volumi, soprattutto in vista di pubblicazioni open access;<\/li>\n\n\n\n<li>supporto alla pubblicazione in open access di articoli scientifici legati alla teoria e alla pratica della valorizzazione dei beni culturali;<\/li>\n\n\n\n<li>supporto alle attivit\u00e0 di terza missione dell\u2019UniMol riguardanti la disseminazione e la divulgazione dei risultati delle attivit\u00e0 di ricerca anche mediante co-produzione e co-gestione di eventi, mostre, manifestazioni, installazioni, produzioni cinematografiche, produzioni audio e radiofoniche, spettacoli teatrali legati alla teoria e alla pratica della valorizzazione dei beni culturali.<\/li>\n<\/ul>\n","protected":false},"excerpt":{"rendered":"<p>Firmato accordo tra Il PCSF e l&#8217;Universit\u00e0 del Molise A dicembre 2022 \u00e8 stato firmato un accordo tra il Dipartimento FilCoSpe di Roma Tre, presso &#8230; <\/p>\n","protected":false},"author":1,"featured_media":0,"parent":0,"menu_order":0,"comment_status":"closed","ping_status":"closed","template":"","meta":{"footnotes":""},"class_list":["post-481","page","type-page","status-publish","hentry"],"_links":{"self":[{"href":"https:\/\/pcsf.uniroma3.it\/index.php?rest_route=\/wp\/v2\/pages\/481","targetHints":{"allow":["GET"]}}],"collection":[{"href":"https:\/\/pcsf.uniroma3.it\/index.php?rest_route=\/wp\/v2\/pages"}],"about":[{"href":"https:\/\/pcsf.uniroma3.it\/index.php?rest_route=\/wp\/v2\/types\/page"}],"author":[{"embeddable":true,"href":"https:\/\/pcsf.uniroma3.it\/index.php?rest_route=\/wp\/v2\/users\/1"}],"replies":[{"embeddable":true,"href":"https:\/\/pcsf.uniroma3.it\/index.php?rest_route=%2Fwp%2Fv2%2Fcomments&post=481"}],"version-history":[{"count":3,"href":"https:\/\/pcsf.uniroma3.it\/index.php?rest_route=\/wp\/v2\/pages\/481\/revisions"}],"predecessor-version":[{"id":504,"href":"https:\/\/pcsf.uniroma3.it\/index.php?rest_route=\/wp\/v2\/pages\/481\/revisions\/504"}],"wp:attachment":[{"href":"https:\/\/pcsf.uniroma3.it\/index.php?rest_route=%2Fwp%2Fv2%2Fmedia&parent=481"}],"curies":[{"name":"wp","href":"https:\/\/api.w.org\/{rel}","templated":true}]}}